{"id":9957,"date":"2022-12-19T13:18:42","date_gmt":"2022-12-19T12:18:42","guid":{"rendered":"https:\/\/digitalsolutions.si\/kontakt\/"},"modified":"2024-02-27T11:07:00","modified_gmt":"2024-02-27T10:07:00","slug":"kontakt","status":"publish","type":"page","link":"https:\/\/digitalsolutions.si\/hr\/kontakt\/","title":{"rendered":"Kontakti"},"content":{"rendered":"\t\t<div data-elementor-type=\"wp-page\" data-elementor-id=\"9957\" class=\"elementor elementor-9957 elementor-1317\">\n\t\t\t\t\t\t<section class=\"elementor-section elementor-top-section elementor-element elementor-element-6dcbb4c elementor-section-full_width elementor-section-height-default elementor-section-height-default\" data-id=\"6dcbb4c\" data-element_type=\"section\">\n\t\t\t\t\t\t<div class=\"elementor-container elementor-column-gap-default\">\n\t\t\t\t\t<div class=\"elementor-column elementor-col-100 elementor-top-column elementor-element elementor-element-d4065c1\" data-id=\"d4065c1\" data-element_type=\"column\">\n\t\t\t<div class=\"elementor-widget-wrap elementor-element-populated\">\n\t\t\t\t\t\t<div class=\"elementor-element elementor-element-8c40e62 elementor-widget elementor-widget-axtra_contact_us\" data-id=\"8c40e62\" data-element_type=\"widget\" id=\"contact-element-custom\" data-widget_type=\"axtra_contact_us.default\">\n\t\t\t\t<div class=\"elementor-widget-container\">\n\t\t\t\t\t\t\r\n    <!-- Contact area start -->\r\n    <section class=\"contact__area-6\">\r\n        <div class=\"container g-0 line pt-120 pb-110\">\r\n        \t<span class=\"line-3\"><\/span>\r\n            \r\n            <div class=\"row\">\r\n                                <div class=\"col-xxl-6 col-xl-6 col-lg-6 col-md-6\">\r\n                    <div class=\"sec-title-wrapper\">\r\n                    \t<h2 class=\"sec-title-2 animation__char_come\">Zajedno stvaramo nove digitalne mogu\u0107nosti<\/h2>\r\n                    <\/div>\r\n                <\/div>\r\n                                \r\n                                <div class=\"col-xxl-6 col-xl-6 col-lg-6 col-md-6\">\r\n                    <div class=\"contact__text\">\r\n                        <p>Tra\u017eite savjet o digitalnoj transformaciji ili \u017eelite unaprijediti svoje poslovanje prilago\u0111enim digitalnim rje\u0161enjima? Kontaktirajte nas telefonom ili po\u0161aljite upit putem e-po\u0161te.<\/p>\r\n                    <\/div>\r\n                <\/div>\r\n                            <\/div>\r\n            \r\n            <div class=\"row contact__btm\">\r\n                <div class=\"col-xxl-5 col-xl-5 col-lg-5 col-md-5\">\r\n                    <div class=\"contact__info\">\r\n                    \t<h3 class=\"sub-title-anim-top animation__word_come\">Prihvatite digitalnu <br>budu\u0107nost!<\/h3>                        <ul>\r\n                            <li><a href=\"tel:+386 40 831 350\">+386 40 831 350<\/a><\/li>                            <li><a href=\"mailto:info@digitalsolutions.si\">info@digitalsolutions.si<\/a><\/li>                            <li><span>Ljubljana, Slovenija<\/span><\/li>                        <\/ul>\r\n                    <\/div>\r\n                <\/div>\r\n                \r\n\t\t\t\t                <div class=\"col-xxl-7 col-xl-7 col-lg-7 col-md-7\">\r\n                    <div class=\"contact__form\">\r\n                        \n<div class=\"wpcf7 no-js\" id=\"wpcf7-f9906-o1\" lang=\"hr\" dir=\"ltr\" data-wpcf7-id=\"9906\">\n<div class=\"screen-reader-response\"><p role=\"status\" aria-live=\"polite\" aria-atomic=\"true\"><\/p> <ul><\/ul><\/div>\n<form action=\"\/hr\/wp-json\/wp\/v2\/pages\/9957#wpcf7-f9906-o1\" method=\"post\" class=\"wpcf7-form init\" aria-label=\"Kontakt obrazac\" novalidate=\"novalidate\" data-status=\"init\">\n<fieldset class=\"hidden-fields-container\"><input type=\"hidden\" name=\"_wpcf7\" value=\"9906\" \/><input type=\"hidden\" name=\"_wpcf7_version\" value=\"6.1.1\" \/><input type=\"hidden\" name=\"_wpcf7_locale\" value=\"hr\" \/><input type=\"hidden\" name=\"_wpcf7_unit_tag\" value=\"wpcf7-f9906-o1\" \/><input type=\"hidden\" name=\"_wpcf7_container_post\" value=\"0\" \/><input type=\"hidden\" name=\"_wpcf7_posted_data_hash\" value=\"\" \/>\n<\/fieldset>\n<div class=\"row g-3\">\n\t<div class=\"col-xxl-6 col-xl-6 col-12\">\n\t\t<p><span class=\"wpcf7-form-control-wrap\" data-name=\"text-69\"><input size=\"40\" maxlength=\"400\" class=\"wpcf7-form-control wpcf7-text wpcf7-validates-as-required\" aria-required=\"true\" aria-invalid=\"false\" placeholder=\"Ime *\" value=\"\" type=\"text\" name=\"text-69\" \/><\/span>\n\t\t<\/p>\n\t<\/div>\n\t<div class=\"col-xxl-6 col-xl-6 col-12\">\n\t\t<p><span class=\"wpcf7-form-control-wrap\" data-name=\"email-632\"><input size=\"40\" maxlength=\"400\" class=\"wpcf7-form-control wpcf7-email wpcf7-validates-as-required wpcf7-text wpcf7-validates-as-email\" aria-required=\"true\" aria-invalid=\"false\" placeholder=\"Email *\" value=\"\" type=\"email\" name=\"email-632\" \/><\/span>\n\t\t<\/p>\n\t<\/div>\n<\/div>\n<div class=\"row g-3\">\n\t<div class=\"col-xxl-6 col-xl-6 col-12\">\n\t\t<p><span class=\"wpcf7-form-control-wrap\" data-name=\"tel-966\"><input size=\"40\" maxlength=\"400\" class=\"wpcf7-form-control wpcf7-tel wpcf7-text wpcf7-validates-as-tel\" aria-invalid=\"false\" placeholder=\"Telefon\" value=\"\" type=\"tel\" name=\"tel-966\" \/><\/span>\n\t\t<\/p>\n\t<\/div>\n\t<div class=\"col-xxl-6 col-xl-6 col-12\">\n\t\t<p><span class=\"wpcf7-form-control-wrap\" data-name=\"text-70\"><input size=\"40\" maxlength=\"400\" class=\"wpcf7-form-control wpcf7-text wpcf7-validates-as-required\" aria-required=\"true\" aria-invalid=\"false\" placeholder=\"Tema *\" value=\"\" type=\"text\" name=\"text-70\" \/><\/span>\n\t\t<\/p>\n\t<\/div>\n<\/div>\n<div class=\"row g-3\">\n\t<div class=\"col-12\">\n\t\t<p><span class=\"wpcf7-form-control-wrap\" data-name=\"textarea-968\"><textarea cols=\"40\" rows=\"10\" maxlength=\"2000\" class=\"wpcf7-form-control wpcf7-textarea wpcf7-validates-as-required\" aria-required=\"true\" aria-invalid=\"false\" placeholder=\"Poruka *\" name=\"textarea-968\"><\/textarea><\/span>\n\t\t<\/p>\n\t<\/div>\n<\/div>\n<div class=\"row g-3\">\n\t<div class=\"col-12\">\n\t\t<p class=\"gdpr__obvestilo\">Va\u0161e osobne podatke \u0107emo obraditi na temelju legitimnog interesa (komunikacija s kupcima i javno\u0161\u0107u te sklapanje poslova s pravnim osobama - \u010dl. 6(1)f GDPR) u svrhu odgovora na va\u0161e pitanje, upit ili zahtjev. Vi\u0161e o obradi osobnih podataka i mogu\u0107nosti odjave mo\u017eete pro\u010ditati u <a href=\"https:\/\/digitalsolutions.si\/hr\/centar-za-privatnost\/politika-privatnosti\/\">Politici privatnosti<\/a>.\n\t\t<\/p>\n\t<\/div>\n<\/div>\n<div class=\"row g-3\">\n\t<div class=\"col-12\">\n\t\t<div id=\"btn_wrapper\">\n\t\t\t<p><button class=\"wc-btn-primary btn-hover btn-item1\"><span><\/span>Poslati<i class=\"fa-solid fa-arrow-right\"><\/i><\/button>\n\t\t\t<\/p>\n\t\t<\/div>\n\t<\/div>\n<\/div><div class=\"wpcf7-response-output\" aria-hidden=\"true\"><\/div>\n<\/form>\n<\/div>\n                    <\/div>\r\n                <\/div>\r\n                            <\/div>\r\n        <\/div>\r\n    <\/section>\r\n    <!-- Contact area end -->\r\n                   \r\n    \t\t\t\t<\/div>\n\t\t\t\t<\/div>\n\t\t\t\t\t<\/div>\n\t\t<\/div>\n\t\t\t\t\t<\/div>\n\t\t<\/section>\n\t\t\t\t<\/div>\n\t\t","protected":false},"excerpt":{"rendered":"<p>Zajedno stvaramo nove digitalne mogu\u0107nosti Tra\u017eite savjet o digitalnoj transformaciji ili \u017eelite unaprijediti svoje poslovanje prilago\u0111enim digitalnim rje\u0161enjima? Kontaktirajte nas telefonom ili po\u0161aljite upit putem e-po\u0161te. Prihvatite digitalnu budu\u0107nost! +386 40 831 350 info@digitalsolutions.si Ljubljana, Slovenija Va\u0161e osebne podatke bomo na podlagi zakonitega interesa (komuniciranje s strankami in javnostjo ter sklepanje poslov s pravnimi osebami [&hellip;]<\/p>\n","protected":false},"author":1,"featured_media":0,"parent":0,"menu_order":0,"comment_status":"closed","ping_status":"closed","template":"tpl-default-elementor.php","meta":{"_acf_changed":false,"footnotes":""},"categories":[],"class_list":["post-9957","page","type-page","status-publish","hentry"],"acf":[],"yoast_head":"<!-- This site is optimized with the Yoast SEO plugin v26.0 - https:\/\/yoast.com\/wordpress\/plugins\/seo\/ -->\n<title>Kontakti - DIGITAL SOLUTIONS<\/title>\n<meta name=\"robots\" content=\"index, follow, max-snippet:-1, max-image-preview:large, max-video-preview:-1\" \/>\n<link rel=\"canonical\" href=\"https:\/\/digitalsolutions.si\/hr\/kontakt\/\" \/>\n<meta property=\"og:locale\" content=\"hr_HR\" \/>\n<meta property=\"og:type\" content=\"article\" \/>\n<meta property=\"og:title\" content=\"Kontakti - DIGITAL SOLUTIONS\" \/>\n<meta property=\"og:description\" content=\"Zajedno stvaramo nove digitalne mogu\u0107nosti Tra\u017eite savjet o digitalnoj transformaciji ili \u017eelite unaprijediti svoje poslovanje prilago\u0111enim digitalnim rje\u0161enjima? Kontaktirajte nas telefonom ili po\u0161aljite upit putem e-po\u0161te. Prihvatite digitalnu budu\u0107nost! +386 40 831 350 info@digitalsolutions.si Ljubljana, Slovenija Va\u0161e osebne podatke bomo na podlagi zakonitega interesa (komuniciranje s strankami in javnostjo ter sklepanje poslov s pravnimi osebami [&hellip;]\" \/>\n<meta property=\"og:url\" content=\"https:\/\/digitalsolutions.si\/hr\/kontakt\/\" \/>\n<meta property=\"og:site_name\" content=\"DIGITAL SOLUTIONS\" \/>\n<meta property=\"article:modified_time\" content=\"2024-02-27T10:07:00+00:00\" \/>\n<meta name=\"twitter:card\" content=\"summary_large_image\" \/>\n<meta name=\"twitter:label1\" content=\"Procijenjeno vrijeme \u010ditanja\" \/>\n\t<meta name=\"twitter:data1\" content=\"1 minuta\" \/>\n<script type=\"application\/ld+json\" class=\"yoast-schema-graph\">{\"@context\":\"https:\/\/schema.org\",\"@graph\":[{\"@type\":\"WebPage\",\"@id\":\"https:\/\/digitalsolutions.si\/hr\/kontakt\/\",\"url\":\"https:\/\/digitalsolutions.si\/hr\/kontakt\/\",\"name\":\"Kontakti - DIGITAL SOLUTIONS\",\"isPartOf\":{\"@id\":\"https:\/\/digitalsolutions.si\/hr\/#website\"},\"datePublished\":\"2022-12-19T12:18:42+00:00\",\"dateModified\":\"2024-02-27T10:07:00+00:00\",\"breadcrumb\":{\"@id\":\"https:\/\/digitalsolutions.si\/hr\/kontakt\/#breadcrumb\"},\"inLanguage\":\"hr\",\"potentialAction\":[{\"@type\":\"ReadAction\",\"target\":[\"https:\/\/digitalsolutions.si\/hr\/kontakt\/\"]}]},{\"@type\":\"BreadcrumbList\",\"@id\":\"https:\/\/digitalsolutions.si\/hr\/kontakt\/#breadcrumb\",\"itemListElement\":[{\"@type\":\"ListItem\",\"position\":1,\"name\":\"Home\",\"item\":\"https:\/\/digitalsolutions.si\/en\/\"},{\"@type\":\"ListItem\",\"position\":2,\"name\":\"Kontakti\"}]},{\"@type\":\"WebSite\",\"@id\":\"https:\/\/digitalsolutions.si\/hr\/#website\",\"url\":\"https:\/\/digitalsolutions.si\/hr\/\",\"name\":\"DIGITAL SOLUTIONS\",\"description\":\"\",\"publisher\":{\"@id\":\"https:\/\/digitalsolutions.si\/hr\/#organization\"},\"potentialAction\":[{\"@type\":\"SearchAction\",\"target\":{\"@type\":\"EntryPoint\",\"urlTemplate\":\"https:\/\/digitalsolutions.si\/hr\/?s={search_term_string}\"},\"query-input\":{\"@type\":\"PropertyValueSpecification\",\"valueRequired\":true,\"valueName\":\"search_term_string\"}}],\"inLanguage\":\"hr\"},{\"@type\":[\"Organization\",\"Place\"],\"@id\":\"https:\/\/digitalsolutions.si\/hr\/#organization\",\"name\":\"DIGITAL SOLUTIONS d.o.o.\",\"url\":\"https:\/\/digitalsolutions.si\/hr\/\",\"logo\":{\"@id\":\"https:\/\/digitalsolutions.si\/hr\/kontakt\/#local-main-organization-logo\"},\"image\":{\"@id\":\"https:\/\/digitalsolutions.si\/hr\/kontakt\/#local-main-organization-logo\"},\"sameAs\":[\"https:\/\/www.linkedin.com\/company\/digital-solutions-eu\/\",\"https:\/\/www.youtube.com\/@DIGITALSOLUTIONSdoo\"],\"telephone\":[],\"openingHoursSpecification\":[{\"@type\":\"OpeningHoursSpecification\",\"dayOfWeek\":[\"Monday\",\"Tuesday\",\"Wednesday\",\"Thursday\",\"Friday\",\"Saturday\",\"Sunday\"],\"opens\":\"09:00\",\"closes\":\"17:00\"}]},{\"@type\":\"ImageObject\",\"inLanguage\":\"hr\",\"@id\":\"https:\/\/digitalsolutions.si\/hr\/kontakt\/#local-main-organization-logo\",\"url\":\"https:\/\/digitalsolutions.si\/wp-content\/uploads\/2023\/08\/Logo-2.svg\",\"contentUrl\":\"https:\/\/digitalsolutions.si\/wp-content\/uploads\/2023\/08\/Logo-2.svg\",\"width\":5,\"height\":2,\"caption\":\"DIGITAL SOLUTIONS d.o.o.\"}]}<\/script>\n<!-- \/ Yoast SEO plugin. -->","yoast_head_json":{"title":"Kontakti - DIGITAL SOLUTIONS","robots":{"index":"index","follow":"follow","max-snippet":"max-snippet:-1","max-image-preview":"max-image-preview:large","max-video-preview":"max-video-preview:-1"},"canonical":"https:\/\/digitalsolutions.si\/hr\/kontakt\/","og_locale":"hr_HR","og_type":"article","og_title":"Kontakti - DIGITAL SOLUTIONS","og_description":"Zajedno stvaramo nove digitalne mogu\u0107nosti Tra\u017eite savjet o digitalnoj transformaciji ili \u017eelite unaprijediti svoje poslovanje prilago\u0111enim digitalnim rje\u0161enjima? Kontaktirajte nas telefonom ili po\u0161aljite upit putem e-po\u0161te. Prihvatite digitalnu budu\u0107nost! +386 40 831 350 info@digitalsolutions.si Ljubljana, Slovenija Va\u0161e osebne podatke bomo na podlagi zakonitega interesa (komuniciranje s strankami in javnostjo ter sklepanje poslov s pravnimi osebami [&hellip;]","og_url":"https:\/\/digitalsolutions.si\/hr\/kontakt\/","og_site_name":"DIGITAL SOLUTIONS","article_modified_time":"2024-02-27T10:07:00+00:00","twitter_card":"summary_large_image","twitter_misc":{"Procijenjeno vrijeme \u010ditanja":"1 minuta"},"schema":{"@context":"https:\/\/schema.org","@graph":[{"@type":"WebPage","@id":"https:\/\/digitalsolutions.si\/hr\/kontakt\/","url":"https:\/\/digitalsolutions.si\/hr\/kontakt\/","name":"Kontakti - DIGITAL SOLUTIONS","isPartOf":{"@id":"https:\/\/digitalsolutions.si\/hr\/#website"},"datePublished":"2022-12-19T12:18:42+00:00","dateModified":"2024-02-27T10:07:00+00:00","breadcrumb":{"@id":"https:\/\/digitalsolutions.si\/hr\/kontakt\/#breadcrumb"},"inLanguage":"hr","potentialAction":[{"@type":"ReadAction","target":["https:\/\/digitalsolutions.si\/hr\/kontakt\/"]}]},{"@type":"BreadcrumbList","@id":"https:\/\/digitalsolutions.si\/hr\/kontakt\/#breadcrumb","itemListElement":[{"@type":"ListItem","position":1,"name":"Home","item":"https:\/\/digitalsolutions.si\/en\/"},{"@type":"ListItem","position":2,"name":"Kontakti"}]},{"@type":"WebSite","@id":"https:\/\/digitalsolutions.si\/hr\/#website","url":"https:\/\/digitalsolutions.si\/hr\/","name":"DIGITAL SOLUTIONS","description":"","publisher":{"@id":"https:\/\/digitalsolutions.si\/hr\/#organization"},"potentialAction":[{"@type":"SearchAction","target":{"@type":"EntryPoint","urlTemplate":"https:\/\/digitalsolutions.si\/hr\/?s={search_term_string}"},"query-input":{"@type":"PropertyValueSpecification","valueRequired":true,"valueName":"search_term_string"}}],"inLanguage":"hr"},{"@type":["Organization","Place"],"@id":"https:\/\/digitalsolutions.si\/hr\/#organization","name":"DIGITAL SOLUTIONS d.o.o.","url":"https:\/\/digitalsolutions.si\/hr\/","logo":{"@id":"https:\/\/digitalsolutions.si\/hr\/kontakt\/#local-main-organization-logo"},"image":{"@id":"https:\/\/digitalsolutions.si\/hr\/kontakt\/#local-main-organization-logo"},"sameAs":["https:\/\/www.linkedin.com\/company\/digital-solutions-eu\/","https:\/\/www.youtube.com\/@DIGITALSOLUTIONSdoo"],"telephone":[],"openingHoursSpecification":[{"@type":"OpeningHoursSpecification","dayOfWeek":["Monday","Tuesday","Wednesday","Thursday","Friday","Saturday","Sunday"],"opens":"09:00","closes":"17:00"}]},{"@type":"ImageObject","inLanguage":"hr","@id":"https:\/\/digitalsolutions.si\/hr\/kontakt\/#local-main-organization-logo","url":"https:\/\/digitalsolutions.si\/wp-content\/uploads\/2023\/08\/Logo-2.svg","contentUrl":"https:\/\/digitalsolutions.si\/wp-content\/uploads\/2023\/08\/Logo-2.svg","width":5,"height":2,"caption":"DIGITAL SOLUTIONS d.o.o."}]}},"_links":{"self":[{"href":"https:\/\/digitalsolutions.si\/hr\/wp-json\/wp\/v2\/pages\/9957","targetHints":{"allow":["GET"]}}],"collection":[{"href":"https:\/\/digitalsolutions.si\/hr\/wp-json\/wp\/v2\/pages"}],"about":[{"href":"https:\/\/digitalsolutions.si\/hr\/wp-json\/wp\/v2\/types\/page"}],"author":[{"embeddable":true,"href":"https:\/\/digitalsolutions.si\/hr\/wp-json\/wp\/v2\/users\/1"}],"replies":[{"embeddable":true,"href":"https:\/\/digitalsolutions.si\/hr\/wp-json\/wp\/v2\/comments?post=9957"}],"version-history":[{"count":7,"href":"https:\/\/digitalsolutions.si\/hr\/wp-json\/wp\/v2\/pages\/9957\/revisions"}],"predecessor-version":[{"id":10280,"href":"https:\/\/digitalsolutions.si\/hr\/wp-json\/wp\/v2\/pages\/9957\/revisions\/10280"}],"wp:attachment":[{"href":"https:\/\/digitalsolutions.si\/hr\/wp-json\/wp\/v2\/media?parent=9957"}],"wp:term":[{"taxonomy":"category","embeddable":true,"href":"https:\/\/digitalsolutions.si\/hr\/wp-json\/wp\/v2\/categories?post=9957"}],"curies":[{"name":"wp","href":"https:\/\/api.w.org\/{rel}","templated":true}]}}