{"id":10114,"date":"2023-08-12T18:29:54","date_gmt":"2023-08-12T16:29:54","guid":{"rendered":"https:\/\/digitalsolutions.si\/privacy-center\/request-data\/"},"modified":"2024-02-27T09:23:25","modified_gmt":"2024-02-27T08:23:25","slug":"request-data","status":"publish","type":"page","link":"https:\/\/digitalsolutions.si\/de\/datenschutz-center\/daten-anfordern\/","title":{"rendered":"Daten anfordern"},"content":{"rendered":"\t\t<div data-elementor-type=\"wp-page\" data-elementor-id=\"10114\" class=\"elementor elementor-10114 elementor-4370\">\n\t\t\t\t\t\t<section class=\"elementor-section elementor-top-section elementor-element elementor-element-5575cf2f elementor-section-boxed elementor-section-height-default elementor-section-height-default\" data-id=\"5575cf2f\" data-element_type=\"section\">\n\t\t\t\t\t\t<div class=\"elementor-container elementor-column-gap-default\">\n\t\t\t\t\t<div class=\"elementor-column elementor-col-100 elementor-top-column elementor-element elementor-element-6f0f2886\" data-id=\"6f0f2886\" data-element_type=\"column\">\n\t\t\t<div class=\"elementor-widget-wrap elementor-element-populated\">\n\t\t\t\t\t\t<div class=\"elementor-element elementor-element-eff77f2 elementor-widget elementor-widget-heading\" data-id=\"eff77f2\" data-element_type=\"widget\" data-widget_type=\"heading.default\">\n\t\t\t\t<div class=\"elementor-widget-container\">\n\t\t\t\t\t<h1 class=\"elementor-heading-title elementor-size-default\">Daten anfordern<\/h1>\t\t\t\t<\/div>\n\t\t\t\t<\/div>\n\t\t\t\t<div class=\"elementor-element elementor-element-92bd1e9 elementor-widget elementor-widget-text-editor\" data-id=\"92bd1e9\" data-element_type=\"widget\" data-widget_type=\"text-editor.default\">\n\t\t\t\t<div class=\"elementor-widget-container\">\n\t\t\t\t\t\t\t\t\t<p>Wenn Sie m\u00f6chten, dass wir Ihre auf unserer Website gespeicherten personenbezogenen Daten ausdrucken, f\u00fcllen Sie bitte das untenstehende Formular aus.<\/p>\t\t\t\t\t\t\t\t<\/div>\n\t\t\t\t<\/div>\n\t\t\t\t<div class=\"elementor-element elementor-element-386d05 elementor-widget elementor-widget-shortcode\" data-id=\"386d05\" data-element_type=\"widget\" data-widget_type=\"shortcode.default\">\n\t\t\t\t<div class=\"elementor-widget-container\">\n\t\t\t\t\t\t\t<div class=\"elementor-shortcode\"><a class=\"wordpress-gdpr-back-link\" href=\"https:\/\/digitalsolutions.si\/center-zasebnosti\/\">&larr; Kehre zum Datenschutz-Center zur\u00fcck<\/a><form action=\"\/de\/wp-json\/wp\/v2\/pages\/10114\" class=\"wordpress-gdpr-form wordpress-gdpr-form-request-data\" method=\"post\"><input type=\"hidden\" name=\"wordpress_gdpr_form_type\" value=\"request-data\"><div class=\"form-group\"><label for=\"gdpr_firstname\">Ihr Vorname (*)<\/label><input class=\"form-control\" type=\"text\" name=\"gdpr_firstname\" value=\"\" required \/><\/div><div class=\"form-group\"><label for=\"gdpr_lastname\">Ihr Nachname (*)<\/label><input class=\"form-control\" type=\"text\" name=\"gdpr_lastname\" value=\"\" required \/><\/div><div class=\"form-group\"><label for=\"gdpr_email\">Ihre E-Mail (*)<\/label><input class=\"form-control\" type=\"email\" name=\"gdpr_email\" value=\"\" required \/><\/div><div class=\"form-group\"><label for=\"gdpr_terms\"><input id=\"gdpr_terms\" class=\"form-control\" type=\"checkbox\" name=\"gdpr_terms\" value=\"1\" required \/><span class=\"gdpr-accept-conditiones-text\">Ich stimme der Datenschutzerkl\u00e4rung zu und bin mit der Speicherung meiner Daten gem\u00e4\u00df den DSGVO-Anforderungen einverstanden. <\/span><\/label><\/div><input type=\"submit\" name=\"gdpr_submitted\" value=\"Senden\"\/><\/form> <\/div>\n\t\t\t\t\t\t<\/div>\n\t\t\t\t<\/div>\n\t\t\t\t\t<\/div>\n\t\t<\/div>\n\t\t\t\t\t<\/div>\n\t\t<\/section>\n\t\t\t\t<\/div>\n\t\t","protected":false},"excerpt":{"rendered":"<p>Daten anfordern Wenn Sie m\u00f6chten, dass wir Ihre auf unserer Website gespeicherten personenbezogenen Daten ausdrucken, f\u00fcllen Sie bitte das untenstehende Formular aus.<\/p>\n","protected":false},"author":1,"featured_media":0,"parent":10102,"menu_order":0,"comment_status":"closed","ping_status":"closed","template":"elementor_header_footer","meta":{"_acf_changed":false,"footnotes":""},"categories":[],"class_list":["post-10114","page","type-page","status-publish","hentry"],"acf":[],"yoast_head":"<!-- This site is optimized with the Yoast SEO plugin v26.0 - https:\/\/yoast.com\/wordpress\/plugins\/seo\/ -->\n<title>Daten anfordern - DIGITAL SOLUTIONS<\/title>\n<meta name=\"robots\" content=\"index, follow, max-snippet:-1, max-image-preview:large, max-video-preview:-1\" \/>\n<link rel=\"canonical\" href=\"https:\/\/digitalsolutions.si\/de\/datenschutz-center\/daten-anfordern\/\" \/>\n<meta property=\"og:locale\" content=\"de_DE\" \/>\n<meta property=\"og:type\" content=\"article\" \/>\n<meta property=\"og:title\" content=\"Daten anfordern - DIGITAL SOLUTIONS\" \/>\n<meta property=\"og:description\" content=\"Daten anfordern Wenn Sie m\u00f6chten, dass wir Ihre auf unserer Website gespeicherten personenbezogenen Daten ausdrucken, f\u00fcllen Sie bitte das untenstehende Formular aus.\" \/>\n<meta property=\"og:url\" content=\"https:\/\/digitalsolutions.si\/de\/datenschutz-center\/daten-anfordern\/\" \/>\n<meta property=\"og:site_name\" content=\"DIGITAL SOLUTIONS\" \/>\n<meta property=\"article:modified_time\" content=\"2024-02-27T08:23:25+00:00\" \/>\n<meta name=\"twitter:card\" content=\"summary_large_image\" \/>\n<meta name=\"twitter:label1\" content=\"Gesch\u00e4tzte Lesezeit\" \/>\n\t<meta name=\"twitter:data1\" content=\"1\u00a0Minute\" \/>\n<script type=\"application\/ld+json\" class=\"yoast-schema-graph\">{\"@context\":\"https:\/\/schema.org\",\"@graph\":[{\"@type\":\"WebPage\",\"@id\":\"https:\/\/digitalsolutions.si\/de\/datenschutz-center\/daten-anfordern\/\",\"url\":\"https:\/\/digitalsolutions.si\/de\/datenschutz-center\/daten-anfordern\/\",\"name\":\"Daten anfordern - DIGITAL SOLUTIONS\",\"isPartOf\":{\"@id\":\"https:\/\/digitalsolutions.si\/de\/#website\"},\"datePublished\":\"2023-08-12T16:29:54+00:00\",\"dateModified\":\"2024-02-27T08:23:25+00:00\",\"breadcrumb\":{\"@id\":\"https:\/\/digitalsolutions.si\/de\/datenschutz-center\/daten-anfordern\/#breadcrumb\"},\"inLanguage\":\"de\",\"potentialAction\":[{\"@type\":\"ReadAction\",\"target\":[\"https:\/\/digitalsolutions.si\/de\/datenschutz-center\/daten-anfordern\/\"]}]},{\"@type\":\"BreadcrumbList\",\"@id\":\"https:\/\/digitalsolutions.si\/de\/datenschutz-center\/daten-anfordern\/#breadcrumb\",\"itemListElement\":[{\"@type\":\"ListItem\",\"position\":1,\"name\":\"Home\",\"item\":\"https:\/\/digitalsolutions.si\/de\/\"},{\"@type\":\"ListItem\",\"position\":2,\"name\":\"Datenschutz-Center\",\"item\":\"https:\/\/digitalsolutions.si\/de\/privacy-center\/\"},{\"@type\":\"ListItem\",\"position\":3,\"name\":\"Daten anfordern\"}]},{\"@type\":\"WebSite\",\"@id\":\"https:\/\/digitalsolutions.si\/de\/#website\",\"url\":\"https:\/\/digitalsolutions.si\/de\/\",\"name\":\"DIGITAL SOLUTIONS\",\"description\":\"\",\"publisher\":{\"@id\":\"https:\/\/digitalsolutions.si\/de\/#organization\"},\"potentialAction\":[{\"@type\":\"SearchAction\",\"target\":{\"@type\":\"EntryPoint\",\"urlTemplate\":\"https:\/\/digitalsolutions.si\/de\/?s={search_term_string}\"},\"query-input\":{\"@type\":\"PropertyValueSpecification\",\"valueRequired\":true,\"valueName\":\"search_term_string\"}}],\"inLanguage\":\"de\"},{\"@type\":[\"Organization\",\"Place\"],\"@id\":\"https:\/\/digitalsolutions.si\/de\/#organization\",\"name\":\"DIGITAL SOLUTIONS d.o.o.\",\"url\":\"https:\/\/digitalsolutions.si\/de\/\",\"logo\":{\"@id\":\"https:\/\/digitalsolutions.si\/de\/datenschutz-center\/daten-anfordern\/#local-main-organization-logo\"},\"image\":{\"@id\":\"https:\/\/digitalsolutions.si\/de\/datenschutz-center\/daten-anfordern\/#local-main-organization-logo\"},\"sameAs\":[\"https:\/\/www.linkedin.com\/company\/digital-solutions-eu\/\",\"https:\/\/www.youtube.com\/@DIGITALSOLUTIONSdoo\"],\"telephone\":[],\"openingHoursSpecification\":[{\"@type\":\"OpeningHoursSpecification\",\"dayOfWeek\":[\"Monday\",\"Tuesday\",\"Wednesday\",\"Thursday\",\"Friday\",\"Saturday\",\"Sunday\"],\"opens\":\"09:00\",\"closes\":\"17:00\"}]},{\"@type\":\"ImageObject\",\"inLanguage\":\"de\",\"@id\":\"https:\/\/digitalsolutions.si\/de\/datenschutz-center\/daten-anfordern\/#local-main-organization-logo\",\"url\":\"https:\/\/digitalsolutions.si\/wp-content\/uploads\/2023\/08\/Logo-2.svg\",\"contentUrl\":\"https:\/\/digitalsolutions.si\/wp-content\/uploads\/2023\/08\/Logo-2.svg\",\"width\":5,\"height\":2,\"caption\":\"DIGITAL SOLUTIONS d.o.o.\"}]}<\/script>\n<!-- \/ Yoast SEO plugin. -->","yoast_head_json":{"title":"Daten anfordern - DIGITAL SOLUTIONS","robots":{"index":"index","follow":"follow","max-snippet":"max-snippet:-1","max-image-preview":"max-image-preview:large","max-video-preview":"max-video-preview:-1"},"canonical":"https:\/\/digitalsolutions.si\/de\/datenschutz-center\/daten-anfordern\/","og_locale":"de_DE","og_type":"article","og_title":"Daten anfordern - DIGITAL SOLUTIONS","og_description":"Daten anfordern Wenn Sie m\u00f6chten, dass wir Ihre auf unserer Website gespeicherten personenbezogenen Daten ausdrucken, f\u00fcllen Sie bitte das untenstehende Formular aus.","og_url":"https:\/\/digitalsolutions.si\/de\/datenschutz-center\/daten-anfordern\/","og_site_name":"DIGITAL SOLUTIONS","article_modified_time":"2024-02-27T08:23:25+00:00","twitter_card":"summary_large_image","twitter_misc":{"Gesch\u00e4tzte Lesezeit":"1\u00a0Minute"},"schema":{"@context":"https:\/\/schema.org","@graph":[{"@type":"WebPage","@id":"https:\/\/digitalsolutions.si\/de\/datenschutz-center\/daten-anfordern\/","url":"https:\/\/digitalsolutions.si\/de\/datenschutz-center\/daten-anfordern\/","name":"Daten anfordern - DIGITAL SOLUTIONS","isPartOf":{"@id":"https:\/\/digitalsolutions.si\/de\/#website"},"datePublished":"2023-08-12T16:29:54+00:00","dateModified":"2024-02-27T08:23:25+00:00","breadcrumb":{"@id":"https:\/\/digitalsolutions.si\/de\/datenschutz-center\/daten-anfordern\/#breadcrumb"},"inLanguage":"de","potentialAction":[{"@type":"ReadAction","target":["https:\/\/digitalsolutions.si\/de\/datenschutz-center\/daten-anfordern\/"]}]},{"@type":"BreadcrumbList","@id":"https:\/\/digitalsolutions.si\/de\/datenschutz-center\/daten-anfordern\/#breadcrumb","itemListElement":[{"@type":"ListItem","position":1,"name":"Home","item":"https:\/\/digitalsolutions.si\/de\/"},{"@type":"ListItem","position":2,"name":"Datenschutz-Center","item":"https:\/\/digitalsolutions.si\/de\/privacy-center\/"},{"@type":"ListItem","position":3,"name":"Daten anfordern"}]},{"@type":"WebSite","@id":"https:\/\/digitalsolutions.si\/de\/#website","url":"https:\/\/digitalsolutions.si\/de\/","name":"DIGITAL SOLUTIONS","description":"","publisher":{"@id":"https:\/\/digitalsolutions.si\/de\/#organization"},"potentialAction":[{"@type":"SearchAction","target":{"@type":"EntryPoint","urlTemplate":"https:\/\/digitalsolutions.si\/de\/?s={search_term_string}"},"query-input":{"@type":"PropertyValueSpecification","valueRequired":true,"valueName":"search_term_string"}}],"inLanguage":"de"},{"@type":["Organization","Place"],"@id":"https:\/\/digitalsolutions.si\/de\/#organization","name":"DIGITAL SOLUTIONS d.o.o.","url":"https:\/\/digitalsolutions.si\/de\/","logo":{"@id":"https:\/\/digitalsolutions.si\/de\/datenschutz-center\/daten-anfordern\/#local-main-organization-logo"},"image":{"@id":"https:\/\/digitalsolutions.si\/de\/datenschutz-center\/daten-anfordern\/#local-main-organization-logo"},"sameAs":["https:\/\/www.linkedin.com\/company\/digital-solutions-eu\/","https:\/\/www.youtube.com\/@DIGITALSOLUTIONSdoo"],"telephone":[],"openingHoursSpecification":[{"@type":"OpeningHoursSpecification","dayOfWeek":["Monday","Tuesday","Wednesday","Thursday","Friday","Saturday","Sunday"],"opens":"09:00","closes":"17:00"}]},{"@type":"ImageObject","inLanguage":"de","@id":"https:\/\/digitalsolutions.si\/de\/datenschutz-center\/daten-anfordern\/#local-main-organization-logo","url":"https:\/\/digitalsolutions.si\/wp-content\/uploads\/2023\/08\/Logo-2.svg","contentUrl":"https:\/\/digitalsolutions.si\/wp-content\/uploads\/2023\/08\/Logo-2.svg","width":5,"height":2,"caption":"DIGITAL SOLUTIONS d.o.o."}]}},"_links":{"self":[{"href":"https:\/\/digitalsolutions.si\/de\/wp-json\/wp\/v2\/pages\/10114","targetHints":{"allow":["GET"]}}],"collection":[{"href":"https:\/\/digitalsolutions.si\/de\/wp-json\/wp\/v2\/pages"}],"about":[{"href":"https:\/\/digitalsolutions.si\/de\/wp-json\/wp\/v2\/types\/page"}],"author":[{"embeddable":true,"href":"https:\/\/digitalsolutions.si\/de\/wp-json\/wp\/v2\/users\/1"}],"replies":[{"embeddable":true,"href":"https:\/\/digitalsolutions.si\/de\/wp-json\/wp\/v2\/comments?post=10114"}],"version-history":[{"count":4,"href":"https:\/\/digitalsolutions.si\/de\/wp-json\/wp\/v2\/pages\/10114\/revisions"}],"predecessor-version":[{"id":10256,"href":"https:\/\/digitalsolutions.si\/de\/wp-json\/wp\/v2\/pages\/10114\/revisions\/10256"}],"up":[{"embeddable":true,"href":"https:\/\/digitalsolutions.si\/de\/wp-json\/wp\/v2\/pages\/10102"}],"wp:attachment":[{"href":"https:\/\/digitalsolutions.si\/de\/wp-json\/wp\/v2\/media?parent=10114"}],"wp:term":[{"taxonomy":"category","embeddable":true,"href":"https:\/\/digitalsolutions.si\/de\/wp-json\/wp\/v2\/categories?post=10114"}],"curies":[{"name":"wp","href":"https:\/\/api.w.org\/{rel}","templated":true}]}}