{"id":10024,"date":"2022-12-17T18:46:27","date_gmt":"2022-12-17T17:46:27","guid":{"rendered":"https:\/\/digitalsolutions.si\/portfelj\/"},"modified":"2024-02-26T13:24:00","modified_gmt":"2024-02-26T12:24:00","slug":"portfelj","status":"publish","type":"page","link":"https:\/\/digitalsolutions.si\/de\/portfolio\/","title":{"rendered":"Portfolio"},"content":{"rendered":"\t\t<div data-elementor-type=\"wp-page\" data-elementor-id=\"10024\" class=\"elementor elementor-10024\">\n\t\t\t\t\t\t<section class=\"elementor-section elementor-top-section elementor-element elementor-element-73fb3b1 elementor-section-full_width elementor-section-height-default elementor-section-height-default\" data-id=\"73fb3b1\" data-element_type=\"section\">\n\t\t\t\t\t\t<div class=\"elementor-container elementor-column-gap-default\">\n\t\t\t\t\t<div class=\"elementor-column elementor-col-100 elementor-top-column elementor-element elementor-element-fdf8c3f\" data-id=\"fdf8c3f\" data-element_type=\"column\">\n\t\t\t<div class=\"elementor-widget-wrap elementor-element-populated\">\n\t\t\t\t\t\t<div class=\"elementor-element elementor-element-e456343 elementor-widget elementor-widget-axtra_our_projects\" data-id=\"e456343\" data-element_type=\"widget\" data-widget_type=\"axtra_our_projects.default\">\n\t\t\t\t<div class=\"elementor-widget-container\">\n\t\t\t\t\t\t\r\n    \t\r\n\t<!-- Portfolio area start -->\r\n    <section class=\"portfolio__area-6\">\r\n        <div class=\"container line pt-100 pb-140\">\r\n        \t<span class=\"line-3\"><\/span>\r\n            <div class=\"zi-9\">\r\n                <div class=\"row\">\r\n                    <div class=\"col-xxl-4 col-xl-5 col-lg-5 col-md-6\">\r\n                        <div class=\"sec-title-wrapper portfolio__title-wrap-6\">\r\n                                                        <div class=\"\">\r\n                                <h2 class=\"sec-sub-title animation__char_come\">Aktuelle Projekte<\/h2>                                <h3 class=\"sec-title animation__char_come_long\">Portfolio<\/h3>                                <p>Sehen Sie sich detaillierte Fallstudien unserer k\u00fcrzlich hervorgehobenen und effektiven digitalen L\u00f6sungen und Dienstleistungen an, die auf unsere Kunden zugeschnitten sind.  <\/p>                            <\/div>\r\n                                                        <div class=\"portfolio__pagination-6\">\r\n                            \t<span class=\"portfolio__current\">01<\/span> \/ 0<span class=\"portfolio__total\"><\/span>\r\n                            <\/div>\r\n                        <\/div>\r\n                    <\/div>\r\n                \r\n                    <div class=\"col-xxl-8 col-xl-7 col-lg-7 col-md-6\">\r\n                        <div class=\"portfolio__wrapper-6\">\r\n                            <div class=\"portfolio__list-6\">\r\n\t\t\t\t\t\t\t\t                                <div class=\"portfolio__item-6\" data-portfitem=\"1\">\r\n                                    <a href=\"https:\/\/digitalsolutions.si\/de\/project\/plattform-fur-virtuelle-rundgange\/\" target=\"_blank\">\r\n                                        <img fetchpriority=\"high\" decoding=\"async\" width=\"770\" height=\"980\" src=\"https:\/\/digitalsolutions.si\/wp-content\/uploads\/2023\/08\/1.png\" class=\"attachment-axtra_770x980 size-axtra_770x980 wp-post-image\" alt=\"\" data-speed=\"0.4\" srcset=\"https:\/\/digitalsolutions.si\/wp-content\/uploads\/2023\/08\/1.png 770w, https:\/\/digitalsolutions.si\/wp-content\/uploads\/2023\/08\/1-236x300.png 236w, https:\/\/digitalsolutions.si\/wp-content\/uploads\/2023\/08\/1-768x977.png 768w, https:\/\/digitalsolutions.si\/wp-content\/uploads\/2023\/08\/1-432x550.png 432w, https:\/\/digitalsolutions.si\/wp-content\/uploads\/2023\/08\/1-542x689.png 542w, https:\/\/digitalsolutions.si\/wp-content\/uploads\/2023\/08\/1-440x560.png 440w\" sizes=\"(max-width: 770px) 100vw, 770px\" \/>                                        <div class=\"portfolio__content-6\">\r\n                                        \t<h4 class=\"portfolio__title-6\">Plattform f\u00fcr <br>virtuelle Rundg\u00e4nge<\/h4>\r\n                                        \t<h5 class=\"portfolio__date\">2023<\/h5>\r\n                                        <\/div>\r\n                                    <\/a>\r\n                                <\/div>\r\n                            \t                            <\/div>\r\n                        <\/div>\r\n                    <\/div>\r\n                <\/div>\r\n            <\/div>\r\n        <\/div>\r\n    <\/section>\r\n    <!-- Portfolio area end -->\r\n\t\r\n\t\t\t\t\t<\/div>\n\t\t\t\t<\/div>\n\t\t\t\t\t<\/div>\n\t\t<\/div>\n\t\t\t\t\t<\/div>\n\t\t<\/section>\n\t\t\t\t<section class=\"elementor-section elementor-top-section elementor-element elementor-element-e4f6626 elementor-section-full_width elementor-section-height-default elementor-section-height-default\" data-id=\"e4f6626\" data-element_type=\"section\">\n\t\t\t\t\t\t<div class=\"elementor-container elementor-column-gap-default\">\n\t\t\t\t\t<div class=\"elementor-column elementor-col-100 elementor-top-column elementor-element elementor-element-85f401b\" data-id=\"85f401b\" data-element_type=\"column\">\n\t\t\t<div class=\"elementor-widget-wrap elementor-element-populated\">\n\t\t\t\t\t\t<div class=\"elementor-element elementor-element-e177ad0 elementor-widget elementor-widget-axtra_call_to_action\" data-id=\"e177ad0\" data-element_type=\"widget\" data-widget_type=\"axtra_call_to_action.default\">\n\t\t\t\t<div class=\"elementor-widget-container\">\n\t\t\t\t\t\t\r\n        \r\n    <!-- CTA area start -->\r\n    <section class=\"cta__area\">\r\n        <div class=\"container line  pb-110\">\r\n        \t<div class=\"line-3\"><\/div>\r\n            <div class=\"row\">\r\n                <div class=\"col-xxl-12\">\r\n                    <div class=\"cta__content\">\r\n                        <p class=\"cta__sub-title\">Betreten Sie die digitale Welt<\/p>                        <h2 class=\"cta__title title-anim\">Vision und Digitalisierung k\u00f6nnen verkn\u00fcpft werden. Lassen Sie uns Ihr Bindeglied sein. <\/h2>                                                <div id=\"btn_wrapper\">\r\n                            <a href=\"\/de\/kontakt\/\" target=\"_blank\" rel=\"nofollow\" class=\"wc-btn-primary btn-hover btn-item\"><span><\/span>Kontakt <i class=\"fa-solid fa-arrow-right\"><\/i><\/a>\r\n                        <\/div>\r\n                                            <\/div>\r\n                <\/div>\r\n            <\/div>\r\n        <\/div>\r\n    <\/section>\r\n    <!-- CTA area end -->\r\n    \r\n    \t\t\t\t<\/div>\n\t\t\t\t<\/div>\n\t\t\t\t\t<\/div>\n\t\t<\/div>\n\t\t\t\t\t<\/div>\n\t\t<\/section>\n\t\t\t\t<\/div>\n\t\t","protected":false},"excerpt":{"rendered":"<p>Aktuelle Projekte Portfolio Sehen Sie sich detaillierte Fallstudien unserer k\u00fcrzlich hervorgehobenen und effektiven digitalen L\u00f6sungen und Dienstleistungen an, die auf unsere Kunden zugeschnitten sind. 01 \/ 0 Plattform f\u00fcr virtuelle Rundg\u00e4nge 2023 Betreten Sie die digitale Welt Vision und Digitalisierung k\u00f6nnen verkn\u00fcpft werden. Lassen Sie uns Ihr Bindeglied sein. Kontakt<\/p>\n","protected":false},"author":1,"featured_media":0,"parent":0,"menu_order":0,"comment_status":"closed","ping_status":"closed","template":"","meta":{"_acf_changed":false,"footnotes":""},"categories":[],"class_list":["post-10024","page","type-page","status-publish","hentry"],"acf":[],"yoast_head":"<!-- This site is optimized with the Yoast SEO plugin v26.0 - https:\/\/yoast.com\/wordpress\/plugins\/seo\/ -->\n<title>Portfolio - DIGITAL SOLUTIONS<\/title>\n<meta name=\"robots\" content=\"index, follow, max-snippet:-1, max-image-preview:large, max-video-preview:-1\" \/>\n<link rel=\"canonical\" href=\"https:\/\/digitalsolutions.si\/de\/portfolio\/\" \/>\n<meta property=\"og:locale\" content=\"de_DE\" \/>\n<meta property=\"og:type\" content=\"article\" \/>\n<meta property=\"og:title\" content=\"Portfolio - DIGITAL SOLUTIONS\" \/>\n<meta property=\"og:description\" content=\"Aktuelle Projekte Portfolio Sehen Sie sich detaillierte Fallstudien unserer k\u00fcrzlich hervorgehobenen und effektiven digitalen L\u00f6sungen und Dienstleistungen an, die auf unsere Kunden zugeschnitten sind. 01 \/ 0 Plattform f\u00fcr virtuelle Rundg\u00e4nge 2023 Betreten Sie die digitale Welt Vision und Digitalisierung k\u00f6nnen verkn\u00fcpft werden. Lassen Sie uns Ihr Bindeglied sein. Kontakt\" \/>\n<meta property=\"og:url\" content=\"https:\/\/digitalsolutions.si\/de\/portfolio\/\" \/>\n<meta property=\"og:site_name\" content=\"DIGITAL SOLUTIONS\" \/>\n<meta property=\"article:modified_time\" content=\"2024-02-26T12:24:00+00:00\" \/>\n<meta property=\"og:image\" content=\"https:\/\/digitalsolutions.si\/wp-content\/uploads\/2023\/08\/1.png\" \/>\n<meta name=\"twitter:card\" content=\"summary_large_image\" \/>\n<meta name=\"twitter:label1\" content=\"Gesch\u00e4tzte Lesezeit\" \/>\n\t<meta name=\"twitter:data1\" content=\"1\u00a0Minute\" \/>\n<script type=\"application\/ld+json\" class=\"yoast-schema-graph\">{\"@context\":\"https:\/\/schema.org\",\"@graph\":[{\"@type\":\"WebPage\",\"@id\":\"https:\/\/digitalsolutions.si\/de\/portfolio\/\",\"url\":\"https:\/\/digitalsolutions.si\/de\/portfolio\/\",\"name\":\"Portfolio - DIGITAL SOLUTIONS\",\"isPartOf\":{\"@id\":\"https:\/\/digitalsolutions.si\/de\/#website\"},\"primaryImageOfPage\":{\"@id\":\"https:\/\/digitalsolutions.si\/de\/portfolio\/#primaryimage\"},\"image\":{\"@id\":\"https:\/\/digitalsolutions.si\/de\/portfolio\/#primaryimage\"},\"thumbnailUrl\":\"https:\/\/digitalsolutions.si\/wp-content\/uploads\/2023\/08\/1.png\",\"datePublished\":\"2022-12-17T17:46:27+00:00\",\"dateModified\":\"2024-02-26T12:24:00+00:00\",\"breadcrumb\":{\"@id\":\"https:\/\/digitalsolutions.si\/de\/portfolio\/#breadcrumb\"},\"inLanguage\":\"de\",\"potentialAction\":[{\"@type\":\"ReadAction\",\"target\":[\"https:\/\/digitalsolutions.si\/de\/portfolio\/\"]}]},{\"@type\":\"ImageObject\",\"inLanguage\":\"de\",\"@id\":\"https:\/\/digitalsolutions.si\/de\/portfolio\/#primaryimage\",\"url\":\"https:\/\/digitalsolutions.si\/wp-content\/uploads\/2023\/08\/1.png\",\"contentUrl\":\"https:\/\/digitalsolutions.si\/wp-content\/uploads\/2023\/08\/1.png\"},{\"@type\":\"BreadcrumbList\",\"@id\":\"https:\/\/digitalsolutions.si\/de\/portfolio\/#breadcrumb\",\"itemListElement\":[{\"@type\":\"ListItem\",\"position\":1,\"name\":\"Home\",\"item\":\"https:\/\/digitalsolutions.si\/de\/\"},{\"@type\":\"ListItem\",\"position\":2,\"name\":\"Portfolio\"}]},{\"@type\":\"WebSite\",\"@id\":\"https:\/\/digitalsolutions.si\/de\/#website\",\"url\":\"https:\/\/digitalsolutions.si\/de\/\",\"name\":\"DIGITAL SOLUTIONS\",\"description\":\"\",\"publisher\":{\"@id\":\"https:\/\/digitalsolutions.si\/de\/#organization\"},\"potentialAction\":[{\"@type\":\"SearchAction\",\"target\":{\"@type\":\"EntryPoint\",\"urlTemplate\":\"https:\/\/digitalsolutions.si\/de\/?s={search_term_string}\"},\"query-input\":{\"@type\":\"PropertyValueSpecification\",\"valueRequired\":true,\"valueName\":\"search_term_string\"}}],\"inLanguage\":\"de\"},{\"@type\":[\"Organization\",\"Place\"],\"@id\":\"https:\/\/digitalsolutions.si\/de\/#organization\",\"name\":\"DIGITAL SOLUTIONS d.o.o.\",\"url\":\"https:\/\/digitalsolutions.si\/de\/\",\"logo\":{\"@id\":\"https:\/\/digitalsolutions.si\/de\/portfolio\/#local-main-organization-logo\"},\"image\":{\"@id\":\"https:\/\/digitalsolutions.si\/de\/portfolio\/#local-main-organization-logo\"},\"sameAs\":[\"https:\/\/www.linkedin.com\/company\/digital-solutions-eu\/\",\"https:\/\/www.youtube.com\/@DIGITALSOLUTIONSdoo\"],\"telephone\":[],\"openingHoursSpecification\":[{\"@type\":\"OpeningHoursSpecification\",\"dayOfWeek\":[\"Monday\",\"Tuesday\",\"Wednesday\",\"Thursday\",\"Friday\",\"Saturday\",\"Sunday\"],\"opens\":\"09:00\",\"closes\":\"17:00\"}]},{\"@type\":\"ImageObject\",\"inLanguage\":\"de\",\"@id\":\"https:\/\/digitalsolutions.si\/de\/portfolio\/#local-main-organization-logo\",\"url\":\"https:\/\/digitalsolutions.si\/wp-content\/uploads\/2023\/08\/Logo-2.svg\",\"contentUrl\":\"https:\/\/digitalsolutions.si\/wp-content\/uploads\/2023\/08\/Logo-2.svg\",\"width\":5,\"height\":2,\"caption\":\"DIGITAL SOLUTIONS d.o.o.\"}]}<\/script>\n<!-- \/ Yoast SEO plugin. -->","yoast_head_json":{"title":"Portfolio - DIGITAL SOLUTIONS","robots":{"index":"index","follow":"follow","max-snippet":"max-snippet:-1","max-image-preview":"max-image-preview:large","max-video-preview":"max-video-preview:-1"},"canonical":"https:\/\/digitalsolutions.si\/de\/portfolio\/","og_locale":"de_DE","og_type":"article","og_title":"Portfolio - DIGITAL SOLUTIONS","og_description":"Aktuelle Projekte Portfolio Sehen Sie sich detaillierte Fallstudien unserer k\u00fcrzlich hervorgehobenen und effektiven digitalen L\u00f6sungen und Dienstleistungen an, die auf unsere Kunden zugeschnitten sind. 01 \/ 0 Plattform f\u00fcr virtuelle Rundg\u00e4nge 2023 Betreten Sie die digitale Welt Vision und Digitalisierung k\u00f6nnen verkn\u00fcpft werden. Lassen Sie uns Ihr Bindeglied sein. Kontakt","og_url":"https:\/\/digitalsolutions.si\/de\/portfolio\/","og_site_name":"DIGITAL SOLUTIONS","article_modified_time":"2024-02-26T12:24:00+00:00","og_image":[{"url":"https:\/\/digitalsolutions.si\/wp-content\/uploads\/2023\/08\/1.png","type":"","width":"","height":""}],"twitter_card":"summary_large_image","twitter_misc":{"Gesch\u00e4tzte Lesezeit":"1\u00a0Minute"},"schema":{"@context":"https:\/\/schema.org","@graph":[{"@type":"WebPage","@id":"https:\/\/digitalsolutions.si\/de\/portfolio\/","url":"https:\/\/digitalsolutions.si\/de\/portfolio\/","name":"Portfolio - DIGITAL SOLUTIONS","isPartOf":{"@id":"https:\/\/digitalsolutions.si\/de\/#website"},"primaryImageOfPage":{"@id":"https:\/\/digitalsolutions.si\/de\/portfolio\/#primaryimage"},"image":{"@id":"https:\/\/digitalsolutions.si\/de\/portfolio\/#primaryimage"},"thumbnailUrl":"https:\/\/digitalsolutions.si\/wp-content\/uploads\/2023\/08\/1.png","datePublished":"2022-12-17T17:46:27+00:00","dateModified":"2024-02-26T12:24:00+00:00","breadcrumb":{"@id":"https:\/\/digitalsolutions.si\/de\/portfolio\/#breadcrumb"},"inLanguage":"de","potentialAction":[{"@type":"ReadAction","target":["https:\/\/digitalsolutions.si\/de\/portfolio\/"]}]},{"@type":"ImageObject","inLanguage":"de","@id":"https:\/\/digitalsolutions.si\/de\/portfolio\/#primaryimage","url":"https:\/\/digitalsolutions.si\/wp-content\/uploads\/2023\/08\/1.png","contentUrl":"https:\/\/digitalsolutions.si\/wp-content\/uploads\/2023\/08\/1.png"},{"@type":"BreadcrumbList","@id":"https:\/\/digitalsolutions.si\/de\/portfolio\/#breadcrumb","itemListElement":[{"@type":"ListItem","position":1,"name":"Home","item":"https:\/\/digitalsolutions.si\/de\/"},{"@type":"ListItem","position":2,"name":"Portfolio"}]},{"@type":"WebSite","@id":"https:\/\/digitalsolutions.si\/de\/#website","url":"https:\/\/digitalsolutions.si\/de\/","name":"DIGITAL SOLUTIONS","description":"","publisher":{"@id":"https:\/\/digitalsolutions.si\/de\/#organization"},"potentialAction":[{"@type":"SearchAction","target":{"@type":"EntryPoint","urlTemplate":"https:\/\/digitalsolutions.si\/de\/?s={search_term_string}"},"query-input":{"@type":"PropertyValueSpecification","valueRequired":true,"valueName":"search_term_string"}}],"inLanguage":"de"},{"@type":["Organization","Place"],"@id":"https:\/\/digitalsolutions.si\/de\/#organization","name":"DIGITAL SOLUTIONS d.o.o.","url":"https:\/\/digitalsolutions.si\/de\/","logo":{"@id":"https:\/\/digitalsolutions.si\/de\/portfolio\/#local-main-organization-logo"},"image":{"@id":"https:\/\/digitalsolutions.si\/de\/portfolio\/#local-main-organization-logo"},"sameAs":["https:\/\/www.linkedin.com\/company\/digital-solutions-eu\/","https:\/\/www.youtube.com\/@DIGITALSOLUTIONSdoo"],"telephone":[],"openingHoursSpecification":[{"@type":"OpeningHoursSpecification","dayOfWeek":["Monday","Tuesday","Wednesday","Thursday","Friday","Saturday","Sunday"],"opens":"09:00","closes":"17:00"}]},{"@type":"ImageObject","inLanguage":"de","@id":"https:\/\/digitalsolutions.si\/de\/portfolio\/#local-main-organization-logo","url":"https:\/\/digitalsolutions.si\/wp-content\/uploads\/2023\/08\/Logo-2.svg","contentUrl":"https:\/\/digitalsolutions.si\/wp-content\/uploads\/2023\/08\/Logo-2.svg","width":5,"height":2,"caption":"DIGITAL SOLUTIONS d.o.o."}]}},"_links":{"self":[{"href":"https:\/\/digitalsolutions.si\/de\/wp-json\/wp\/v2\/pages\/10024","targetHints":{"allow":["GET"]}}],"collection":[{"href":"https:\/\/digitalsolutions.si\/de\/wp-json\/wp\/v2\/pages"}],"about":[{"href":"https:\/\/digitalsolutions.si\/de\/wp-json\/wp\/v2\/types\/page"}],"author":[{"embeddable":true,"href":"https:\/\/digitalsolutions.si\/de\/wp-json\/wp\/v2\/users\/1"}],"replies":[{"embeddable":true,"href":"https:\/\/digitalsolutions.si\/de\/wp-json\/wp\/v2\/comments?post=10024"}],"version-history":[{"count":7,"href":"https:\/\/digitalsolutions.si\/de\/wp-json\/wp\/v2\/pages\/10024\/revisions"}],"predecessor-version":[{"id":10032,"href":"https:\/\/digitalsolutions.si\/de\/wp-json\/wp\/v2\/pages\/10024\/revisions\/10032"}],"wp:attachment":[{"href":"https:\/\/digitalsolutions.si\/de\/wp-json\/wp\/v2\/media?parent=10024"}],"wp:term":[{"taxonomy":"category","embeddable":true,"href":"https:\/\/digitalsolutions.si\/de\/wp-json\/wp\/v2\/categories?post=10024"}],"curies":[{"name":"wp","href":"https:\/\/api.w.org\/{rel}","templated":true}]}}